{"id":4299,"date":"2016-02-02T11:39:11","date_gmt":"2016-02-02T10:39:11","guid":{"rendered":"https:\/\/www.xxi.cat\/sample-page-2\/"},"modified":"2023-05-12T05:52:23","modified_gmt":"2023-05-12T03:52:23","slug":"donate","status":"publish","type":"page","link":"https:\/\/www.xxi.cat\/es\/donate\/","title":{"rendered":"Aportaci\u00f3n"},"content":{"rendered":"\n<p>Hola! Soy el autor de todas las aplicaciones web gratuitas de JoomFla y XXI.cat, y \u00e9sta es mi p\u00e1gina de donaci\u00f3n personal. Si te gusta lo que hago o quieres recompensarme por alg\u00fan motivo, \u00a1me encantar\u00eda un deseo tuyo! \ud83d\ude42 Much\u00edsimas gracias!<\/p>\n\n\n\n<iframe loading=\"lazy\" src=\"https:\/\/demo.xxi.cat\/buymeawish\/\" width=\"1100\" height=\"700\" frameborder=\"0\" allow=\"fullscreen\"><\/iframe>\n","protected":false},"excerpt":{"rendered":"<p>Hola! Soy el autor de todas las aplicaciones web gratuitas de JoomFla y XXI.cat, y \u00e9sta es mi p\u00e1gina de donaci\u00f3n personal. Si te gusta lo que hago o quieres recompensarme por alg\u00fan motivo, \u00a1me encantar\u00eda un deseo tuyo! \ud83d\ude42 Much\u00edsimas gracias!<\/p>\n","protected":false},"author":1,"featured_media":0,"parent":0,"menu_order":0,"comment_status":"closed","ping_status":"closed","template":"","meta":{"footnotes":""},"class_list":["post-4299","page","type-page","status-publish","hentry"],"yoast_head":"<!-- This site is optimized with the Yoast SEO Premium plugin v21.9 (Yoast SEO v24.1) - https:\/\/yoast.com\/wordpress\/plugins\/seo\/ -->\n<title>Aportaci\u00f3n - XXI.cat<\/title>\n<meta name=\"description\" content=\"&quot;The best ideas are common property&quot; Seneca, Epistles Roman dramatist, philosopher, &amp; politician (5 BC \u2013 65 AD)\" \/>\n<meta name=\"robots\" content=\"index, follow, max-snippet:-1, max-image-preview:large, max-video-preview:-1\" \/>\n<link rel=\"canonical\" href=\"https:\/\/www.xxi.cat\/es\/donate\/\" \/>\n<meta property=\"og:locale\" content=\"es_ES\" \/>\n<meta property=\"og:type\" content=\"article\" \/>\n<meta property=\"og:title\" content=\"Aportaci\u00f3n\" \/>\n<meta property=\"og:description\" content=\"&quot;The best ideas are common property&quot; Seneca, Epistles Roman dramatist, philosopher, &amp; politician (5 BC \u2013 65 AD)\" \/>\n<meta property=\"og:url\" content=\"https:\/\/www.xxi.cat\/es\/donate\/\" \/>\n<meta property=\"og:site_name\" content=\"XXI.cat\" \/>\n<meta property=\"article:publisher\" content=\"https:\/\/www.facebook.com\/joomfla\" \/>\n<meta property=\"article:modified_time\" content=\"2023-05-12T03:52:23+00:00\" \/>\n<meta property=\"og:image\" content=\"https:\/\/www.xxi.cat\/wp-content\/uploads\/2022\/12\/banner-ogimage.jpg\" \/>\n\t<meta property=\"og:image:width\" content=\"1200\" \/>\n\t<meta property=\"og:image:height\" content=\"630\" \/>\n\t<meta property=\"og:image:type\" content=\"image\/jpeg\" \/>\n<meta name=\"twitter:card\" content=\"summary_large_image\" \/>\n<meta name=\"twitter:site\" content=\"@joomfla\" \/>\n<meta name=\"twitter:label1\" content=\"Tiempo de lectura\" \/>\n\t<meta name=\"twitter:data1\" content=\"1 minuto\" \/>\n<script type=\"application\/ld+json\" class=\"yoast-schema-graph\">{\"@context\":\"https:\/\/schema.org\",\"@graph\":[{\"@type\":\"WebPage\",\"@id\":\"https:\/\/www.xxi.cat\/es\/donate\/\",\"url\":\"https:\/\/www.xxi.cat\/es\/donate\/\",\"name\":\"Aportaci\u00f3n - XXI.cat\",\"isPartOf\":{\"@id\":\"https:\/\/www.xxi.cat\/es\/#website\"},\"datePublished\":\"2016-02-02T10:39:11+00:00\",\"dateModified\":\"2023-05-12T03:52:23+00:00\",\"description\":\"\\\"The best ideas are common property\\\" Seneca, Epistles Roman dramatist, philosopher, & politician (5 BC \u2013 65 AD)\",\"breadcrumb\":{\"@id\":\"https:\/\/www.xxi.cat\/es\/donate\/#breadcrumb\"},\"inLanguage\":\"es\",\"potentialAction\":[{\"@type\":\"ReadAction\",\"target\":[\"https:\/\/www.xxi.cat\/es\/donate\/\"]}]},{\"@type\":\"BreadcrumbList\",\"@id\":\"https:\/\/www.xxi.cat\/es\/donate\/#breadcrumb\",\"itemListElement\":[{\"@type\":\"ListItem\",\"position\":1,\"name\":\"Home\",\"item\":\"https:\/\/www.xxi.cat\/es\/?lang=es\"},{\"@type\":\"ListItem\",\"position\":2,\"name\":\"Aportaci\u00f3n\"}]},{\"@type\":\"WebSite\",\"@id\":\"https:\/\/www.xxi.cat\/es\/#website\",\"url\":\"https:\/\/www.xxi.cat\/es\/\",\"name\":\"XXI.cat\",\"description\":\"\u201cTHE  BEST IDEAS ARE COMMON PROPERTY\u201d\",\"publisher\":{\"@id\":\"https:\/\/www.xxi.cat\/es\/#organization\"},\"potentialAction\":[{\"@type\":\"SearchAction\",\"target\":{\"@type\":\"EntryPoint\",\"urlTemplate\":\"https:\/\/www.xxi.cat\/es\/?s={search_term_string}\"},\"query-input\":{\"@type\":\"PropertyValueSpecification\",\"valueRequired\":true,\"valueName\":\"search_term_string\"}}],\"inLanguage\":\"es\"},{\"@type\":\"Organization\",\"@id\":\"https:\/\/www.xxi.cat\/es\/#organization\",\"name\":\"XXI.cat\",\"url\":\"https:\/\/www.xxi.cat\/es\/\",\"logo\":{\"@type\":\"ImageObject\",\"inLanguage\":\"es\",\"@id\":\"https:\/\/www.xxi.cat\/es\/#\/schema\/logo\/image\/\",\"url\":\"https:\/\/www.xxi.cat\/wp-content\/uploads\/2022\/12\/banner-ogimage.jpg\",\"contentUrl\":\"https:\/\/www.xxi.cat\/wp-content\/uploads\/2022\/12\/banner-ogimage.jpg\",\"width\":1200,\"height\":630,\"caption\":\"XXI.cat\"},\"image\":{\"@id\":\"https:\/\/www.xxi.cat\/es\/#\/schema\/logo\/image\/\"},\"sameAs\":[\"https:\/\/www.facebook.com\/joomfla\",\"https:\/\/x.com\/joomfla\",\"https:\/\/www.linkedin.com\/company\/joomfla\",\"https:\/\/www.youtube.com\/@joomfla\",\"https:\/\/www.instagram.com\/joomfla\/\",\"https:\/\/www.pinterest.com\/joomfla\/\"]}]}<\/script>\n<!-- \/ Yoast SEO Premium plugin. -->","yoast_head_json":{"title":"Aportaci\u00f3n - XXI.cat","description":"\"The best ideas are common property\" Seneca, Epistles Roman dramatist, philosopher, & politician (5 BC \u2013 65 AD)","robots":{"index":"index","follow":"follow","max-snippet":"max-snippet:-1","max-image-preview":"max-image-preview:large","max-video-preview":"max-video-preview:-1"},"canonical":"https:\/\/www.xxi.cat\/es\/donate\/","og_locale":"es_ES","og_type":"article","og_title":"Aportaci\u00f3n","og_description":"\"The best ideas are common property\" Seneca, Epistles Roman dramatist, philosopher, & politician (5 BC \u2013 65 AD)","og_url":"https:\/\/www.xxi.cat\/es\/donate\/","og_site_name":"XXI.cat","article_publisher":"https:\/\/www.facebook.com\/joomfla","article_modified_time":"2023-05-12T03:52:23+00:00","og_image":[{"width":1200,"height":630,"url":"https:\/\/www.xxi.cat\/wp-content\/uploads\/2022\/12\/banner-ogimage.jpg","type":"image\/jpeg"}],"twitter_card":"summary_large_image","twitter_site":"@joomfla","twitter_misc":{"Tiempo de lectura":"1 minuto"},"schema":{"@context":"https:\/\/schema.org","@graph":[{"@type":"WebPage","@id":"https:\/\/www.xxi.cat\/es\/donate\/","url":"https:\/\/www.xxi.cat\/es\/donate\/","name":"Aportaci\u00f3n - XXI.cat","isPartOf":{"@id":"https:\/\/www.xxi.cat\/es\/#website"},"datePublished":"2016-02-02T10:39:11+00:00","dateModified":"2023-05-12T03:52:23+00:00","description":"\"The best ideas are common property\" Seneca, Epistles Roman dramatist, philosopher, & politician (5 BC \u2013 65 AD)","breadcrumb":{"@id":"https:\/\/www.xxi.cat\/es\/donate\/#breadcrumb"},"inLanguage":"es","potentialAction":[{"@type":"ReadAction","target":["https:\/\/www.xxi.cat\/es\/donate\/"]}]},{"@type":"BreadcrumbList","@id":"https:\/\/www.xxi.cat\/es\/donate\/#breadcrumb","itemListElement":[{"@type":"ListItem","position":1,"name":"Home","item":"https:\/\/www.xxi.cat\/es\/?lang=es"},{"@type":"ListItem","position":2,"name":"Aportaci\u00f3n"}]},{"@type":"WebSite","@id":"https:\/\/www.xxi.cat\/es\/#website","url":"https:\/\/www.xxi.cat\/es\/","name":"XXI.cat","description":"\u201cTHE  BEST IDEAS ARE COMMON PROPERTY\u201d","publisher":{"@id":"https:\/\/www.xxi.cat\/es\/#organization"},"potentialAction":[{"@type":"SearchAction","target":{"@type":"EntryPoint","urlTemplate":"https:\/\/www.xxi.cat\/es\/?s={search_term_string}"},"query-input":{"@type":"PropertyValueSpecification","valueRequired":true,"valueName":"search_term_string"}}],"inLanguage":"es"},{"@type":"Organization","@id":"https:\/\/www.xxi.cat\/es\/#organization","name":"XXI.cat","url":"https:\/\/www.xxi.cat\/es\/","logo":{"@type":"ImageObject","inLanguage":"es","@id":"https:\/\/www.xxi.cat\/es\/#\/schema\/logo\/image\/","url":"https:\/\/www.xxi.cat\/wp-content\/uploads\/2022\/12\/banner-ogimage.jpg","contentUrl":"https:\/\/www.xxi.cat\/wp-content\/uploads\/2022\/12\/banner-ogimage.jpg","width":1200,"height":630,"caption":"XXI.cat"},"image":{"@id":"https:\/\/www.xxi.cat\/es\/#\/schema\/logo\/image\/"},"sameAs":["https:\/\/www.facebook.com\/joomfla","https:\/\/x.com\/joomfla","https:\/\/www.linkedin.com\/company\/joomfla","https:\/\/www.youtube.com\/@joomfla","https:\/\/www.instagram.com\/joomfla\/","https:\/\/www.pinterest.com\/joomfla\/"]}]}},"_links":{"self":[{"href":"https:\/\/www.xxi.cat\/es\/wp-json\/wp\/v2\/pages\/4299","targetHints":{"allow":["GET"]}}],"collection":[{"href":"https:\/\/www.xxi.cat\/es\/wp-json\/wp\/v2\/pages"}],"about":[{"href":"https:\/\/www.xxi.cat\/es\/wp-json\/wp\/v2\/types\/page"}],"author":[{"embeddable":true,"href":"https:\/\/www.xxi.cat\/es\/wp-json\/wp\/v2\/users\/1"}],"replies":[{"embeddable":true,"href":"https:\/\/www.xxi.cat\/es\/wp-json\/wp\/v2\/comments?post=4299"}],"version-history":[{"count":0,"href":"https:\/\/www.xxi.cat\/es\/wp-json\/wp\/v2\/pages\/4299\/revisions"}],"wp:attachment":[{"href":"https:\/\/www.xxi.cat\/es\/wp-json\/wp\/v2\/media?parent=4299"}],"curies":[{"name":"wp","href":"https:\/\/api.w.org\/{rel}","templated":true}]}}